{"id":44,"date":"2016-11-11T15:41:04","date_gmt":"2016-11-11T15:41:04","guid":{"rendered":"http:\/\/blog.smileconsult.de\/?page_id=44"},"modified":"2018-05-18T13:22:39","modified_gmt":"2018-05-18T13:22:39","slug":"impressum","status":"publish","type":"page","link":"https:\/\/blog.smileconsult.de\/?page_id=44","title":{"rendered":"Impressum"},"content":{"rendered":"<p><strong>Anschrift<\/strong><\/p>\n<p>smile consult GmbH<br \/>\nSchiffgraben 11<br \/>\nD \u2013 30159 Hannover<\/p>\n<p>fon : +49 (0)511 543617-40<br \/>\nfax : +49 (0)511 543617-66<\/p>\n<p>Amtsgericht Hannover, HRB 58707<\/p>\n<p><strong>Gesch\u00e4ftsf\u00fchrung<\/strong><\/p>\n<p>Dr.-Ing. Frank Sellerhoff<br \/>\nDipl.-Ing. Christoph Lippert<br \/>\napl. Prof. Dr.-Ing. habil. Peter Milbradt<\/p>\n<p><strong>Haftungshinweis<\/strong><\/p>\n<p>Inhaltlich Verantwortlicher gem\u00e4\u00df \u00a7 6 MDStV: Dr.-Ing. Frank Sellerhoff<\/p>\n<p>Trotz sorgf\u00e4ltiger inhaltlicher Kontrolle \u00fcbernehmen wir keine Haftung f\u00fcr die Inhalte externer Links. F\u00fcr den Inhalt der verlinkten Seiten sind ausschlie\u00dflich deren Betreiber verantwortlich.<\/p>\n","protected":false},"excerpt":{"rendered":"<p>Anschrift smile consult GmbH Schiffgraben 11 D \u2013 30159 Hannover fon : +49 (0)511 543617-40 fax : +49 (0)511 543617-66 Amtsgericht Hannover, HRB 58707 Gesch\u00e4ftsf\u00fchrung Dr.-Ing. Frank Sellerhoff Dipl.-Ing. Christoph Lippert apl. Prof. Dr.-Ing. habil. Peter Milbradt Haftungshinweis Inhaltlich Verantwortlicher gem\u00e4\u00df \u00a7 6 MDStV: Dr.-Ing. Frank Sellerhoff Trotz sorgf\u00e4ltiger inhaltlicher Kontrolle \u00fcbernehmen wir keine Haftung &hellip; <a href=\"https:\/\/blog.smileconsult.de\/?page_id=44\" class=\"more-link\"><span class=\"screen-reader-text\">Impressum<\/span> weiterlesen<\/a><\/p>\n","protected":false},"author":1,"featured_media":0,"parent":0,"menu_order":0,"comment_status":"closed","ping_status":"closed","template":"","meta":{"jetpack_post_was_ever_published":false,"footnotes":""},"class_list":["post-44","page","type-page","status-publish","hentry"],"jetpack_sharing_enabled":true,"jetpack_shortlink":"https:\/\/wp.me\/P86aow-I","_links":{"self":[{"href":"https:\/\/blog.smileconsult.de\/index.php?rest_route=\/wp\/v2\/pages\/44","targetHints":{"allow":["GET"]}}],"collection":[{"href":"https:\/\/blog.smileconsult.de\/index.php?rest_route=\/wp\/v2\/pages"}],"about":[{"href":"https:\/\/blog.smileconsult.de\/index.php?rest_route=\/wp\/v2\/types\/page"}],"author":[{"embeddable":true,"href":"https:\/\/blog.smileconsult.de\/index.php?rest_route=\/wp\/v2\/users\/1"}],"replies":[{"embeddable":true,"href":"https:\/\/blog.smileconsult.de\/index.php?rest_route=%2Fwp%2Fv2%2Fcomments&post=44"}],"version-history":[{"count":3,"href":"https:\/\/blog.smileconsult.de\/index.php?rest_route=\/wp\/v2\/pages\/44\/revisions"}],"predecessor-version":[{"id":514,"href":"https:\/\/blog.smileconsult.de\/index.php?rest_route=\/wp\/v2\/pages\/44\/revisions\/514"}],"wp:attachment":[{"href":"https:\/\/blog.smileconsult.de\/index.php?rest_route=%2Fwp%2Fv2%2Fmedia&parent=44"}],"curies":[{"name":"wp","href":"https:\/\/api.w.org\/{rel}","templated":true}]}}